{"id":183,"date":"2016-03-10T09:22:08","date_gmt":"2016-03-10T09:22:08","guid":{"rendered":"https:\/\/okthemes.com\/villenoirdarkdemo\/?page_id=183"},"modified":"2024-09-24T18:00:30","modified_gmt":"2024-09-24T16:00:30","slug":"contact","status":"publish","type":"page","link":"https:\/\/www.chateau-vaisinerie.com\/en\/contact\/","title":{"rendered":"Contact"},"content":{"rendered":"<div class=\"wpb-content-wrapper\"><div data-vc-full-width=\"true\" data-vc-full-width-init=\"false\" class=\"vc_row wpb_row vc_row-fluid vc_custom_1636039870025 vc_row-has-fill\"><div class=\"wpb_column vc_column_container vc_col-sm-6\"><div class=\"vc_column-inner\"><div class=\"wpb_wrapper\">\n\t<div class=\"gg-infobox\" style=\"text-align:left;\">\n\t\t<p class=\"subtitle\" >Ch\u00e2teau La Vaisinerie<\/p>\n\t\t<div class=\"description\" style=\"color: #ffffff;\"><p>Ch\u00e2teau La Vaisinerie<br \/>\n1 route de la Visinerie<br \/>\n33570 PUISSEGUIN<br \/>\n<a href=\"https:\/\/www.google.com\/maps\/dir\/\/Ch%C3%A2teau+la+Vaisinerie,+Ch%C3%A2teau+La+Vaisinerie,+33570+Puisseguin\/@44.1312803,-1.2922004,217670m\/data=!3m1!1e3!4m8!4m7!1m0!1m5!1m1!1s0xd55514ca5aadfcd:0x764a513f2962d295!2m2!1d-0.0763166!2d44.9128651?entry=ttu&amp;g_ep=EgoyMDI0MDkxOC4xIKXMDSoASAFQAw%3D%3D\" target=\"_blank\" rel=\"noopener\">Itin\u00e9raire<\/a><\/p>\n<\/div>\n\t<\/div> \n\t<div class=\"gg-infobox\" style=\"text-align:left;\">\n\t\t<p class=\"subtitle\" >Contact us<\/p>\n\t\t<div class=\"description\" style=\"color: #ffffff;\"><p><a href=\"mailto:contact@chateau-vaisinerie.com\">contact@chateau-vaisinerie.com<\/a><br \/>\n<a href=\"https:\/\/www.chateau-vaisinerie.com\/en\/\">www.chateau-vaisinerie.com<\/a><\/p>\n<p>&nbsp;<\/p>\n<p>Phone: 05 57 24 93 05<br \/>\nAlain Moses 06 63 15 12 60<br \/>\nIsabelle Picazo 06 58 30 86 40<\/p>\n<\/div>\n\t<\/div> <\/div><\/div><\/div><div class=\"wpb_column vc_column_container vc_col-sm-6\"><div class=\"vc_column-inner\"><div class=\"wpb_wrapper\"><div class=\"gg-horizontal-list\"><p class=\"subtitle\">Hours<\/p><dl class=\"horizontal\">\n\t<dt style=\"color: #ffffff;\">Monday - Friday<\/dt>\n\t<dd style=\"color: #ffffff;\">09h - 12h et 13h - 16h30<\/dd>\n\t<dt style=\"color: #ffffff;\">Tour and Tasting<\/dt>\n\t<dd style=\"color: #ffffff;\">By appointment<\/dd><\/dl><\/div><\/div><\/div><\/div><\/div><div class=\"vc_row-full-width vc_clearfix\"><\/div>\n<\/div>","protected":false},"excerpt":{"rendered":"Ch\u00e2teau La Vaisinerie Ch\u00e2teau La Vaisinerie 1 route de la Visinerie 33570 PUISSEGUIN Itin\u00e9raire Nous contacter contact@chateau-vaisinerie.com www.chateau-vaisinerie.com &nbsp; T\u00e9l\u00e9phone: 05 57 24 93 05 Alain Moses 06 63 15 12 60 Isabelle Picazo 06 58 30 86 40 Horaires Lundi - Vendredi 09h - 12h et 13h - 16h30 Visite et d\u00e9gustation Sur rendez-vous","protected":false},"author":1,"featured_media":2936,"parent":0,"menu_order":0,"comment_status":"closed","ping_status":"closed","template":"theme-templates\/contact.php","meta":{"_acf_changed":false,"footnotes":""},"class_list":["post-183","page","type-page","status-publish","has-post-thumbnail","hentry"],"acf":[],"_links":{"self":[{"href":"https:\/\/www.chateau-vaisinerie.com\/en\/wp-json\/wp\/v2\/pages\/183","targetHints":{"allow":["GET"]}}],"collection":[{"href":"https:\/\/www.chateau-vaisinerie.com\/en\/wp-json\/wp\/v2\/pages"}],"about":[{"href":"https:\/\/www.chateau-vaisinerie.com\/en\/wp-json\/wp\/v2\/types\/page"}],"author":[{"embeddable":true,"href":"https:\/\/www.chateau-vaisinerie.com\/en\/wp-json\/wp\/v2\/users\/1"}],"replies":[{"embeddable":true,"href":"https:\/\/www.chateau-vaisinerie.com\/en\/wp-json\/wp\/v2\/comments?post=183"}],"version-history":[{"count":11,"href":"https:\/\/www.chateau-vaisinerie.com\/en\/wp-json\/wp\/v2\/pages\/183\/revisions"}],"predecessor-version":[{"id":3308,"href":"https:\/\/www.chateau-vaisinerie.com\/en\/wp-json\/wp\/v2\/pages\/183\/revisions\/3308"}],"wp:featuredmedia":[{"embeddable":true,"href":"https:\/\/www.chateau-vaisinerie.com\/en\/wp-json\/wp\/v2\/media\/2936"}],"wp:attachment":[{"href":"https:\/\/www.chateau-vaisinerie.com\/en\/wp-json\/wp\/v2\/media?parent=183"}],"curies":[{"name":"wp","href":"https:\/\/api.w.org\/{rel}","templated":true}]}}