{"id":3046,"date":"2024-07-01T06:18:35","date_gmt":"2024-07-01T04:18:35","guid":{"rendered":"https:\/\/www.chateau-vaisinerie.com\/?page_id=3046"},"modified":"2024-10-29T16:35:46","modified_gmt":"2024-10-29T15:35:46","slug":"le-vin","status":"publish","type":"page","link":"https:\/\/www.chateau-vaisinerie.com\/en\/le-vin\/","title":{"rendered":"The Wine"},"content":{"rendered":"<div class=\"wpb-content-wrapper\"><div id=\"vins-et-tarifs\" class=\"vc_row wpb_row vc_row-fluid vc_custom_1724866152681 vc_column-gap-30\"><div class=\"wpb_column vc_column_container vc_col-sm-4 vc_col-md-4 vc_col-xs-12\"><div class=\"vc_column-inner\"><div class=\"wpb_wrapper\"><div class=\"vc_row wpb_row vc_inner vc_row-fluid\"><div class=\"wpb_column vc_column_container vc_col-sm-12\"><div class=\"vc_column-inner\"><div class=\"wpb_wrapper\">\n\t<div class=\"wpb_text_column wpb_content_element\" >\n\t\t<div class=\"wpb_wrapper\">\n\t\t\t<h2 style=\"text-align: center; font-size: 30px;\">Quercus du Ch\u00e2teau La Vaisinerie 2016<\/h2>\n\n\t\t<\/div>\n\t<\/div>\n<\/div><\/div><\/div><\/div><div class=\"vc_row wpb_row vc_inner vc_row-fluid vc_custom_1722534169265 vc_row-has-fill\"><div class=\"wpb_column vc_column_container vc_col-sm-12\"><div class=\"vc_column-inner\"><div class=\"wpb_wrapper\">\n\t<div  class=\"wpb_single_image wpb_content_element vc_align_center\">\n\t\t\n\t\t<figure class=\"wpb_wrapper vc_figure\">\n\t\t\t<div class=\"vc_single_image-wrapper   vc_box_border_grey\"><img decoding=\"async\" class=\"vc_single_image-img\" src=\"https:\/\/www.chateau-vaisinerie.com\/wp-content\/uploads\/2024\/08\/Chateau-la-vaisinerie-quercus-260x414.webp\" width=\"260\" height=\"414\" alt=\"Bouteille de Chateau La Vaisinerie Quercus\" title=\"Bouteille de Chateau La Vaisinerie Quercus\" loading=\"lazy\" \/><\/div>\n\t\t<\/figure>\n\t<\/div>\n<\/div><\/div><\/div><\/div><div class=\"vc_row wpb_row vc_inner vc_row-fluid vc_custom_1722534408249 vc_row-has-fill vc_row-o-content-middle vc_row-flex\"><div class=\"carac-vin wpb_column vc_column_container vc_col-sm-12\"><div class=\"vc_column-inner\"><div class=\"wpb_wrapper\">\n\t<div class=\"wpb_text_column wpb_content_element  vc_custom_1722953603208\" >\n\t\t<div class=\"wpb_wrapper\">\n\t\t\t<p>AOC Puisseguin Saint-Emilion<\/p>\n\n\t\t<\/div>\n\t<\/div>\n<div class=\"gg-horizontal-list  vc_custom_1722954202140\"><dl class=\"horizontal\">\n\t<dt >Year<\/dt>\n\t<dd >2016<\/dd><\/dl><\/div>\n\t<div class=\"wpb_text_column wpb_content_element\" >\n\t\t<div class=\"wpb_wrapper\">\n\t\t\t<p>Gold Medal \u2013 Vignerons Ind\u00e9pendants 2018<\/p>\n<p>Bronze Medal \u2013 Concours Macon 2018<\/p>\n\n\t\t<\/div>\n\t<\/div>\n<\/div><\/div><\/div><\/div><\/div><\/div><\/div><div class=\"wpb_column vc_column_container vc_col-sm-4\"><div class=\"vc_column-inner\"><div class=\"wpb_wrapper\"><div class=\"vc_row wpb_row vc_inner vc_row-fluid\"><div class=\"wpb_column vc_column_container vc_col-sm-12\"><div class=\"vc_column-inner\"><div class=\"wpb_wrapper\">\n\t<div class=\"wpb_text_column wpb_content_element\" >\n\t\t<div class=\"wpb_wrapper\">\n\t\t\t<h2 style=\"text-align: center; font-size: 30px;\">Ch\u00e2teau La Vaisinerie 2018<\/h2>\n\n\t\t<\/div>\n\t<\/div>\n<\/div><\/div><\/div><\/div><div class=\"vc_row wpb_row vc_inner vc_row-fluid vc_custom_1722534169265 vc_row-has-fill\"><div class=\"wpb_column vc_column_container vc_col-sm-12\"><div class=\"vc_column-inner\"><div class=\"wpb_wrapper\">\n\t<div  class=\"wpb_single_image wpb_content_element vc_align_center\">\n\t\t\n\t\t<figure class=\"wpb_wrapper vc_figure\">\n\t\t\t<div class=\"vc_single_image-wrapper   vc_box_border_grey\"><img decoding=\"async\" class=\"vc_single_image-img\" src=\"https:\/\/www.chateau-vaisinerie.com\/wp-content\/uploads\/2024\/08\/Chateau-la-vaisinerie-2018-260x414.webp\" width=\"260\" height=\"414\" alt=\"Bouteille de Chateau La Vaisinerie 2018\" title=\"Bouteille de Chateau La Vaisinerie 2018\" loading=\"lazy\" \/><\/div>\n\t\t<\/figure>\n\t<\/div>\n<\/div><\/div><\/div><\/div><div class=\"vc_row wpb_row vc_inner vc_row-fluid vc_custom_1722534408249 vc_row-has-fill vc_row-o-content-middle vc_row-flex\"><div class=\"carac-vin wpb_column vc_column_container vc_col-sm-12\"><div class=\"vc_column-inner\"><div class=\"wpb_wrapper\">\n\t<div class=\"wpb_text_column wpb_content_element  vc_custom_1722953603208\" >\n\t\t<div class=\"wpb_wrapper\">\n\t\t\t<p>AOC Puisseguin Saint-Emilion<\/p>\n\n\t\t<\/div>\n\t<\/div>\n<div class=\"gg-horizontal-list  vc_custom_1722954202140\"><dl class=\"horizontal\">\n\t<dt >Year<\/dt>\n\t<dd >2018<\/dd><\/dl><\/div>\n\t<div class=\"wpb_text_column wpb_content_element\" >\n\t\t<div class=\"wpb_wrapper\">\n\t\t\t<p>Silver Medal \u2013 Concours Bruxelles 2021<\/p>\n<p>M\u00e9daille d&rsquo;Argent &#8211; Bettane et Desseauve 2021<\/p>\n\n\t\t<\/div>\n\t<\/div>\n\n\t<div  class=\"wpb_single_image wpb_content_element vc_align_center\">\n\t\t\n\t\t<figure class=\"wpb_wrapper vc_figure\">\n\t\t\t<div class=\"vc_single_image-wrapper   vc_box_border_grey\"><img decoding=\"async\" class=\"vc_single_image-img\" src=\"https:\/\/www.chateau-vaisinerie.com\/wp-content\/uploads\/2024\/09\/bruxelles_2021_medaille_argent-154x154.webp\" width=\"154\" height=\"154\" alt=\"bruxelles_2021_medaille_argent\" title=\"bruxelles_2021_medaille_argent\" loading=\"lazy\" \/><\/div>\n\t\t<\/figure>\n\t<\/div>\n<\/div><\/div><\/div><\/div><\/div><\/div><\/div><div class=\"wpb_column vc_column_container vc_col-sm-4\"><div class=\"vc_column-inner\"><div class=\"wpb_wrapper\"><div class=\"vc_row wpb_row vc_inner vc_row-fluid\"><div class=\"wpb_column vc_column_container vc_col-sm-12\"><div class=\"vc_column-inner\"><div class=\"wpb_wrapper\">\n\t<div class=\"wpb_text_column wpb_content_element\" >\n\t\t<div class=\"wpb_wrapper\">\n\t\t\t<h2 style=\"text-align: center; font-size: 30px;\">Ch\u00e2teau La Vaisinerie 2019<\/h2>\n\n\t\t<\/div>\n\t<\/div>\n<\/div><\/div><\/div><\/div><div class=\"vc_row wpb_row vc_inner vc_row-fluid vc_custom_1722534169265 vc_row-has-fill\"><div class=\"wpb_column vc_column_container vc_col-sm-12\"><div class=\"vc_column-inner\"><div class=\"wpb_wrapper\">\n\t<div  class=\"wpb_single_image wpb_content_element vc_align_center\">\n\t\t\n\t\t<figure class=\"wpb_wrapper vc_figure\">\n\t\t\t<div class=\"vc_single_image-wrapper   vc_box_border_grey\"><img decoding=\"async\" class=\"vc_single_image-img\" src=\"https:\/\/www.chateau-vaisinerie.com\/wp-content\/uploads\/2024\/08\/Chateau-la-vaisinerie-2019-260x414.webp\" width=\"260\" height=\"414\" alt=\"Bouteille de Chateau La Vaisinerie 2019\" title=\"Bouteille de Chateau La Vaisinerie 2019\" loading=\"lazy\" \/><\/div>\n\t\t<\/figure>\n\t<\/div>\n<\/div><\/div><\/div><\/div><div class=\"vc_row wpb_row vc_inner vc_row-fluid vc_custom_1722534408249 vc_row-has-fill vc_row-o-content-middle vc_row-flex\"><div class=\"carac-vin wpb_column vc_column_container vc_col-sm-12\"><div class=\"vc_column-inner\"><div class=\"wpb_wrapper\">\n\t<div class=\"wpb_text_column wpb_content_element  vc_custom_1722953603208\" >\n\t\t<div class=\"wpb_wrapper\">\n\t\t\t<p>AOC Puisseguin Saint-Emilion<\/p>\n\n\t\t<\/div>\n\t<\/div>\n<div class=\"gg-horizontal-list  vc_custom_1722954202140\"><dl class=\"horizontal\">\n\t<dt >Year<\/dt>\n\t<dd >2019<\/dd><\/dl><\/div>\n\t<div class=\"wpb_text_column wpb_content_element\" >\n\t\t<div class=\"wpb_wrapper\">\n\t\t\t\n\t\t<\/div>\n\t<\/div>\n\n\t<div  class=\"wpb_single_image wpb_content_element vc_align_center\">\n\t\t\n\t\t<figure class=\"wpb_wrapper vc_figure\">\n\t\t\t<div class=\"vc_single_image-wrapper   vc_box_border_grey\"><img decoding=\"async\" class=\"vc_single_image-img\" src=\"https:\/\/www.chateau-vaisinerie.com\/wp-content\/uploads\/2024\/08\/paris_or_2022-154x154.webp\" width=\"154\" height=\"154\" alt=\"M\u00e9daille d&#039;or concours mondial de Paris 2022\" title=\"M\u00e9daille d&#039;or concours mondial de Paris 2022\" loading=\"lazy\" \/><\/div>\n\t\t<\/figure>\n\t<\/div>\n\n\t<div  class=\"wpb_single_image wpb_content_element vc_align_center\">\n\t\t\n\t\t<figure class=\"wpb_wrapper vc_figure\">\n\t\t\t<div class=\"vc_single_image-wrapper   vc_box_border_grey\"><img decoding=\"async\" class=\"vc_single_image-img\" src=\"https:\/\/www.chateau-vaisinerie.com\/wp-content\/uploads\/2024\/08\/bordeaux_argent_2022-154x154.webp\" width=\"154\" height=\"154\" alt=\"M\u00e9daille d&#039;argent concours mondial de Bordeaux 2022\" title=\"M\u00e9daille d&#039;argent concours mondial de Bordeaux 2022\" loading=\"lazy\" \/><\/div>\n\t\t<\/figure>\n\t<\/div>\n<\/div><\/div><\/div><\/div><\/div><\/div><\/div><\/div><div class=\"vc_row wpb_row vc_row-fluid vc_custom_1722962833285 vc_column-gap-30\"><div class=\"wpb_column vc_column_container vc_col-sm-4\"><div class=\"vc_column-inner\"><div class=\"wpb_wrapper\"><div class=\"vc_row wpb_row vc_inner vc_row-fluid\"><div class=\"wpb_column vc_column_container vc_col-sm-12\"><div class=\"vc_column-inner\"><div class=\"wpb_wrapper\">\n\t<div class=\"wpb_text_column wpb_content_element\" >\n\t\t<div class=\"wpb_wrapper\">\n\t\t\t<h2 style=\"text-align: center; font-size: 30px;\">Ch\u00e2teau La Vaisinerie 2020<\/h2>\n\n\t\t<\/div>\n\t<\/div>\n<\/div><\/div><\/div><\/div><div class=\"vc_row wpb_row vc_inner vc_row-fluid vc_custom_1722534169265 vc_row-has-fill\"><div class=\"wpb_column vc_column_container vc_col-sm-12\"><div class=\"vc_column-inner\"><div class=\"wpb_wrapper\">\n\t<div  class=\"wpb_single_image wpb_content_element vc_align_center\">\n\t\t\n\t\t<figure class=\"wpb_wrapper vc_figure\">\n\t\t\t<div class=\"vc_single_image-wrapper   vc_box_border_grey\"><img decoding=\"async\" class=\"vc_single_image-img\" src=\"https:\/\/www.chateau-vaisinerie.com\/wp-content\/uploads\/2024\/08\/Chateau-la-vaisinerie-2020-260x414.webp\" width=\"260\" height=\"414\" alt=\"Bouteille de Chateau La Vaisinerie 2020\" title=\"Bouteille de Chateau La Vaisinerie 2020\" loading=\"lazy\" \/><\/div>\n\t\t<\/figure>\n\t<\/div>\n<\/div><\/div><\/div><\/div><div class=\"vc_row wpb_row vc_inner vc_row-fluid vc_custom_1722534408249 vc_row-has-fill vc_row-o-content-middle vc_row-flex\"><div class=\"carac-vin wpb_column vc_column_container vc_col-sm-12\"><div class=\"vc_column-inner\"><div class=\"wpb_wrapper\">\n\t<div class=\"wpb_text_column wpb_content_element  vc_custom_1722953603208\" >\n\t\t<div class=\"wpb_wrapper\">\n\t\t\t<p>AOC Puisseguin Saint-Emilion<\/p>\n\n\t\t<\/div>\n\t<\/div>\n<div class=\"gg-horizontal-list  vc_custom_1722954202140\"><dl class=\"horizontal\">\n\t<dt >Year<\/dt>\n\t<dd >2020<\/dd><\/dl><\/div>\n\t<div  class=\"wpb_single_image wpb_content_element vc_align_center\">\n\t\t\n\t\t<figure class=\"wpb_wrapper vc_figure\">\n\t\t\t<div class=\"vc_single_image-wrapper   vc_box_border_grey\"><img decoding=\"async\" class=\"vc_single_image-img\" src=\"https:\/\/www.chateau-vaisinerie.com\/wp-content\/uploads\/2024\/08\/bruxelles_argent_2023-154x154.webp\" width=\"154\" height=\"154\" alt=\"M\u00e9daille d&#039;argent concours mondial de Bruxelles 2023\" title=\"M\u00e9daille d&#039;argent concours mondial de Bruxelles 2023\" loading=\"lazy\" \/><\/div>\n\t\t<\/figure>\n\t<\/div>\n<\/div><\/div><\/div><\/div><\/div><\/div><\/div><div class=\"wpb_column vc_column_container vc_col-sm-4\"><div class=\"vc_column-inner\"><div class=\"wpb_wrapper\"><div class=\"vc_row wpb_row vc_inner vc_row-fluid\"><div class=\"wpb_column vc_column_container vc_col-sm-12\"><div class=\"vc_column-inner\"><div class=\"wpb_wrapper\">\n\t<div class=\"wpb_text_column wpb_content_element\" >\n\t\t<div class=\"wpb_wrapper\">\n\t\t\t<h2 style=\"text-align: center; font-size: 30px;\">Ch\u00e2teau La Vaisinerie 2021<\/h2>\n\n\t\t<\/div>\n\t<\/div>\n<\/div><\/div><\/div><\/div><div class=\"vc_row wpb_row vc_inner vc_row-fluid vc_custom_1722534169265 vc_row-has-fill\"><div class=\"wpb_column vc_column_container vc_col-sm-12\"><div class=\"vc_column-inner\"><div class=\"wpb_wrapper\">\n\t<div  class=\"wpb_single_image wpb_content_element vc_align_center\">\n\t\t\n\t\t<figure class=\"wpb_wrapper vc_figure\">\n\t\t\t<div class=\"vc_single_image-wrapper   vc_box_border_grey\"><img decoding=\"async\" class=\"vc_single_image-img\" src=\"https:\/\/www.chateau-vaisinerie.com\/wp-content\/uploads\/2024\/08\/Chateau-la-vaisinerie-2021-260x414.webp\" width=\"260\" height=\"414\" alt=\"Bouteille de Chateau La Vaisinerie 2021\" title=\"Bouteille de Chateau La Vaisinerie 2021\" loading=\"lazy\" \/><\/div>\n\t\t<\/figure>\n\t<\/div>\n<\/div><\/div><\/div><\/div><div class=\"vc_row wpb_row vc_inner vc_row-fluid vc_custom_1722534408249 vc_row-has-fill vc_row-o-content-middle vc_row-flex\"><div class=\"carac-vin wpb_column vc_column_container vc_col-sm-12\"><div class=\"vc_column-inner\"><div class=\"wpb_wrapper\">\n\t<div class=\"wpb_text_column wpb_content_element  vc_custom_1722953603208\" >\n\t\t<div class=\"wpb_wrapper\">\n\t\t\t<p>AOC Puisseguin Saint-Emilion<\/p>\n\n\t\t<\/div>\n\t<\/div>\n<div class=\"gg-horizontal-list  vc_custom_1722954202140\"><dl class=\"horizontal\">\n\t<dt >Year<\/dt>\n\t<dd >2021<\/dd><\/dl><\/div>\n\t<div  class=\"wpb_single_image wpb_content_element vc_align_center\">\n\t\t\n\t\t<figure class=\"wpb_wrapper vc_figure\">\n\t\t\t<div class=\"vc_single_image-wrapper   vc_box_border_grey\"><img decoding=\"async\" class=\"vc_single_image-img\" src=\"https:\/\/www.chateau-vaisinerie.com\/wp-content\/uploads\/2024\/08\/bruxelles_or_2024-154x154.webp\" width=\"154\" height=\"154\" alt=\"M\u00e9daille d&#039;or concours mondial de Bruxelles 2024\" title=\"M\u00e9daille d&#039;or concours mondial de Bruxelles 2024\" loading=\"lazy\" \/><\/div>\n\t\t<\/figure>\n\t<\/div>\n\n\t<div  class=\"wpb_single_image wpb_content_element vc_align_center\">\n\t\t\n\t\t<figure class=\"wpb_wrapper vc_figure\">\n\t\t\t<div class=\"vc_single_image-wrapper   vc_box_border_grey\"><img loading=\"lazy\" decoding=\"async\" width=\"154\" height=\"154\" src=\"https:\/\/www.chateau-vaisinerie.com\/wp-content\/uploads\/2024\/09\/decanter-award-2024-90pts.webp\" class=\"vc_single_image-img attachment-medium\" alt=\"Decanter Word Wine Awards 90 points\" title=\"decanter-award-2024-90pts\" srcset=\"https:\/\/www.chateau-vaisinerie.com\/wp-content\/uploads\/2024\/09\/decanter-award-2024-90pts.webp 154w, https:\/\/www.chateau-vaisinerie.com\/wp-content\/uploads\/2024\/09\/decanter-award-2024-90pts-150x150.webp 150w, https:\/\/www.chateau-vaisinerie.com\/wp-content\/uploads\/2024\/09\/decanter-award-2024-90pts-12x12.webp 12w\" sizes=\"auto, (max-width: 154px) 100vw, 154px\" \/><\/div>\n\t\t<\/figure>\n\t<\/div>\n<\/div><\/div><\/div><\/div><\/div><\/div><\/div><\/div><div class=\"vc_row wpb_row vc_row-fluid gg-force-background-left vc_custom_1719769647677 vc_row-has-fill vc_row-o-equal-height vc_row-o-content-middle vc_row-flex\"><div class=\"wpb_column vc_column_container vc_col-sm-12 vc_col-lg-6 vc_col-md-6 vc_col-has-fill\"><div class=\"vc_column-inner  vc_custom_1719768452372\"><div class=\"wpb_wrapper\">\n\t<div  class=\"wpb_single_image wpb_content_element vc_align_left\">\n\t\t\n\t\t<figure class=\"wpb_wrapper vc_figure\">\n\t\t\t<div class=\"vc_single_image-wrapper   vc_box_border_grey\"><img loading=\"lazy\" decoding=\"async\" width=\"794\" height=\"949\" src=\"https:\/\/www.chateau-vaisinerie.com\/wp-content\/uploads\/2021\/11\/silhouette-man-normal-dark-v2.jpg\" class=\"vc_single_image-img attachment-full\" alt=\"\" title=\"silhouette-man-normal-dark-v2\" \/><\/div>\n\t\t<\/figure>\n\t<\/div>\n<\/div><\/div><\/div><div class=\"wpb_column vc_column_container vc_col-sm-12 vc_col-lg-6 vc_col-md-6\"><div class=\"vc_column-inner  vc_custom_1636151218598\"><div class=\"wpb_wrapper\">\n\t<div class=\"title-subtitle-box  vc_custom_1727122858579 vc_custom_1727122858580 vc_custom_1727122858580\" style=\" margin-bottom:20px; text-align: left;\">\n\t\t<h1 style=\" color:#b0976d;  font-style: normal;\">Identity card of the vineyard<\/h1>\n\t<\/div> \n\t<div class=\"wpb_text_column wpb_content_element\" >\n\t\t<div class=\"wpb_wrapper\">\n\t\t\t<p>Ch\u00e2teau La Vaisinerie is located on the hills of Puisseguin, at 6 miles from Saint-Emilion.<br \/>\nCh\u00e2teau La Vaisinerie produces Puisseguin Saint-Emilion red wines, with 90% of Merlot and 10% of Cabernet Franc. The average age of the vineyard is 35 years old.<\/p>\n<p>The appellation \u00ab Puisseguin-Saint-Emilion \u00bb is said \u201csatellite\u201d of Saint-Emilion. This appellation covers 730 ha. The clay and limestone soil, similar to Saint-Emilion, enables a good water supply for the vine, perfect in case of drought.<\/p>\n<p>The property goes on a verdant space of 25 hectares, on which the vines meet several trees, hedges and a pond. The responsible farming practices on our vineyard of 13 ha favour the blossoming of local biodiversity, real preoccupation on the property.<\/p>\n\n\t\t<\/div>\n\t<\/div>\n<\/div><\/div><\/div><\/div><div class=\"vc_row wpb_row vc_row-fluid vc_custom_1722530602704\"><div class=\"wpb_column vc_column_container vc_col-sm-12\"><div class=\"vc_column-inner\"><div class=\"wpb_wrapper\">\n\t<div  class=\"wpb_single_image wpb_content_element vc_align_center  vc_custom_1722530119493\">\n\t\t\n\t\t<figure class=\"wpb_wrapper vc_figure\">\n\t\t\t<div class=\"vc_single_image-wrapper   vc_box_border_grey\"><img loading=\"lazy\" decoding=\"async\" width=\"502\" height=\"750\" src=\"https:\/\/www.chateau-vaisinerie.com\/wp-content\/uploads\/2024\/07\/chais-vinification.webp\" class=\"vc_single_image-img attachment-full\" alt=\"\" title=\"Chais - vinification\" srcset=\"https:\/\/www.chateau-vaisinerie.com\/wp-content\/uploads\/2024\/07\/chais-vinification.webp 502w, https:\/\/www.chateau-vaisinerie.com\/wp-content\/uploads\/2024\/07\/chais-vinification-201x300.webp 201w\" sizes=\"auto, (max-width: 502px) 100vw, 502px\" \/><\/div>\n\t\t<\/figure>\n\t<\/div>\n<\/div><\/div><\/div><div class=\"wpb_column vc_column_container vc_col-sm-12\"><div class=\"vc_column-inner  vc_custom_1722530430645\"><div class=\"wpb_wrapper\"><div class=\"vc_row wpb_row vc_inner vc_row-fluid vc_custom_1722530458817\"><div class=\"wpb_column vc_column_container vc_col-sm-6\"><div class=\"vc_column-inner\"><div class=\"wpb_wrapper\">\n\t<div class=\"title-subtitle-box\" style=\" text-align: left;\">\n\t\t<h2 style=\" color:#b0976d;  font-style: normal;\">Les vendanges<\/h2>\n\t<\/div> \n\t<div class=\"wpb_text_column wpb_content_element\" >\n\t\t<div class=\"wpb_wrapper\">\n\t\t\t<p>Harvest is done mechanically and brought with care to vinification cellar in small inox tubs. It is selected on a succession of modern vibrant tables. Best part of the grapes are put into cellar tanks for a first cold maceration.<\/p>\n\n\t\t<\/div>\n\t<\/div>\n<\/div><\/div><\/div><div class=\"wpb_column vc_column_container vc_col-sm-6\"><div class=\"vc_column-inner\"><div class=\"wpb_wrapper\">\n\t<div class=\"title-subtitle-box\" style=\" text-align: left;\">\n\t\t<h2 style=\" color:#b0976d;  font-style: normal;\">The vinification cellar<\/h2>\n\t<\/div> \n\t<div class=\"wpb_text_column wpb_content_element\" >\n\t\t<div class=\"wpb_wrapper\">\n\t\t\t<p>This Building is the counterpart of the casks cellar, they are both on each side of the main house. With a regulated temperature and concrete tanks, the management of every vinification step is very precise and avoid hermal shocks. Greatest domains in Bordeaux region are coming back to concrete material for that reason.<\/p>\n<p>Half the production of Ch\u00e2teau la Vaisinerie is grown in French oak casks for 12 to 14 months.<\/p>\n<p>Julien Viaud, oenologist advisor and collaborator of Michel Rolland, guides us in the production of our wines since the vintage 2018.<\/p>\n\n\t\t<\/div>\n\t<\/div>\n<\/div><\/div><\/div><\/div><\/div><\/div><\/div><\/div><div data-vc-full-width=\"true\" data-vc-full-width-init=\"false\" class=\"vc_row wpb_row vc_row-fluid vc_custom_1724865711330 vc_row-has-fill\"><div class=\"wpb_column vc_column_container vc_col-sm-8\"><div class=\"vc_column-inner\"><div class=\"wpb_wrapper\"><\/div><\/div><\/div><div class=\"wpb_column vc_column_container vc_col-sm-4\"><div class=\"vc_column-inner\"><div class=\"wpb_wrapper\">\n\t<div class=\"wpb_text_column wpb_content_element  vc_custom_1727265535143\" >\n\t\t<div class=\"wpb_wrapper\">\n\t\t\t<p>Half the production of Ch\u00e2teau la Vaisinerie is grown in French oak casks for 12 to 14 months.<\/p>\n\n\t\t<\/div>\n\t<\/div>\n<\/div><\/div><\/div><\/div><div class=\"vc_row-full-width vc_clearfix\"><\/div><div data-vc-full-width=\"true\" data-vc-full-width-init=\"false\" class=\"vc_row wpb_row vc_row-fluid vc_custom_1719823485708 vc_row-has-fill\"><div class=\"wpb_column vc_column_container vc_col-sm-4\"><div class=\"vc_column-inner\"><div class=\"wpb_wrapper\">\n\t<div class=\"title-subtitle-box\" style=\" text-align: left;\">\n\t\t<h3 style=\" color:#b0976d;  font-style: normal;\">Sustainable Viticulture<br \/>\nWhat is this ?<\/h3>\n\t<\/div> \n\t<div class=\"wpb_text_column wpb_content_element\" >\n\t\t<div class=\"wpb_wrapper\">\n\t\t\t<p>According to French Law, it \u201ccorresponds to global process and farming management that aim, beyond regulation constraints, <strong>to reinforce positive effect of agricultural practices on the environment while reducing its negative effects. [\u2026]\u00a0<\/strong><\/p>\n<p>Beyond the imperatives of <strong>food safety for agricultural products<\/strong>which apply to all production, sustainable production methods can help manage health risks and contribute to <strong>improved animal welfare<\/strong>. They also <strong>enhance working conditions.<\/strong>. \u00bb<\/p>\n\n\t\t<\/div>\n\t<\/div>\n<\/div><\/div><\/div><div class=\"wpb_column vc_column_container vc_col-sm-4\"><div class=\"vc_column-inner\"><div class=\"wpb_wrapper\">\n\t<div class=\"title-subtitle-box\" style=\" text-align: left;\">\n\t\t<h3 style=\" color:#b0976d;  font-style: normal;\">Why treating vine, and how ?<\/h3>\n\t<\/div> \n\t<div class=\"wpb_text_column wpb_content_element\" >\n\t\t<div class=\"wpb_wrapper\">\n\t\t\t<p>Vine needs constant care and protection. Various vine deseases like Phylloxera have barely wiped out wine growing from entire regions in 19th century in France.<\/p>\n<p>The vineyard requires constant care and protection. Sustainable pest management involves \"interventions decided after assessing the actual risks at the plot level, through the implementation of appropriate monitoring methods, and by reference to tolerance or intervention thresholds, <strong>choosing treatments based on their environmental impact<\/strong> in terms of active material, quantity, application period, respect of natural ennemies\u201d.<\/p>\n\n\t\t<\/div>\n\t<\/div>\n<\/div><\/div><\/div><div class=\"wpb_column vc_column_container vc_col-sm-4\"><div class=\"vc_column-inner\"><div class=\"wpb_wrapper\">\n\t<div class=\"title-subtitle-box\" style=\" text-align: left;\">\n\t\t<h3 style=\" color:#b0976d;  font-style: normal;\">Our actions<\/h3>\n\t<\/div> \n\t<div class=\"wpb_text_column wpb_content_element\" >\n\t\t<div class=\"wpb_wrapper\">\n\t\t\t<p>Concretely, we implement precise observation tools in the plots to continuously assess the risks and treatment needs of the vines, aiming to minimize interventions rather than treat systematically. We have planted several kilometers of hedgerows to segment the plots and absorb runoff, and we use a natural water source to supply the estate with water.<\/p>\n<p>Thus, this is not organic farming, but we continuously choose treatments with the lowest possible environmental impact in terms of frequency, quantity, and quality, while ensuring the health of the vines and the quality of the wine.<\/p>\n\n\t\t<\/div>\n\t<\/div>\n<\/div><\/div><\/div><\/div><div class=\"vc_row-full-width vc_clearfix\"><\/div><div class=\"vc_row wpb_row vc_row-fluid vc_custom_1724866718473\"><div class=\"wpb_column vc_column_container vc_col-sm-12\"><div class=\"vc_column-inner\"><div class=\"wpb_wrapper\"><style>@media (max-width: 991px) {.spacer-243975005 {height: 0px !important;}}<\/style><style>@media (max-width: 480px) {.spacer-243975005 {height: 0px !important;}}<\/style><div class=\"vc_empty_space  vc_custom_1724866750681spacer-243975005\" id=\"tarifsVins\"  style=\"height: 0px\"><span class=\"vc_empty_space_inner\"><\/span><\/div><\/div><\/div><\/div><\/div>\n<\/div>","protected":false},"excerpt":{"rendered":"Quercus du Ch\u00e2teau La Vaisinerie 2016 AOC Puisseguin Saint-Emilion Ann\u00e9e 2016 M\u00e9daille d'Or - Vignerons Ind\u00e9pendants 2018 M\u00e9daille de Bronze - Concours Macon 2018 Ch\u00e2teau La Vaisinerie 2018 AOC Puisseguin Saint-Emilion Ann\u00e9e 2018 M\u00e9daille d'Argent - Concours Bruxelles 2021 M\u00e9daille d'Argent - Bettane et Desseauve 2021 Ch\u00e2teau La Vaisinerie 2019 AOC Puisseguin Saint-Emilion Ann\u00e9e 2019<br class=\"read-more-spacer\"> <a class=\"more-link\" href=\"https:\/\/www.chateau-vaisinerie.com\/en\/le-vin\/\">Read More<\/a>","protected":false},"author":1,"featured_media":0,"parent":0,"menu_order":0,"comment_status":"closed","ping_status":"closed","template":"","meta":{"_acf_changed":false,"footnotes":""},"class_list":["post-3046","page","type-page","status-publish","hentry"],"acf":[],"_links":{"self":[{"href":"https:\/\/www.chateau-vaisinerie.com\/en\/wp-json\/wp\/v2\/pages\/3046","targetHints":{"allow":["GET"]}}],"collection":[{"href":"https:\/\/www.chateau-vaisinerie.com\/en\/wp-json\/wp\/v2\/pages"}],"about":[{"href":"https:\/\/www.chateau-vaisinerie.com\/en\/wp-json\/wp\/v2\/types\/page"}],"author":[{"embeddable":true,"href":"https:\/\/www.chateau-vaisinerie.com\/en\/wp-json\/wp\/v2\/users\/1"}],"replies":[{"embeddable":true,"href":"https:\/\/www.chateau-vaisinerie.com\/en\/wp-json\/wp\/v2\/comments?post=3046"}],"version-history":[{"count":109,"href":"https:\/\/www.chateau-vaisinerie.com\/en\/wp-json\/wp\/v2\/pages\/3046\/revisions"}],"predecessor-version":[{"id":3357,"href":"https:\/\/www.chateau-vaisinerie.com\/en\/wp-json\/wp\/v2\/pages\/3046\/revisions\/3357"}],"wp:attachment":[{"href":"https:\/\/www.chateau-vaisinerie.com\/en\/wp-json\/wp\/v2\/media?parent=3046"}],"curies":[{"name":"wp","href":"https:\/\/api.w.org\/{rel}","templated":true}]}}